{"id":886,"date":"2025-12-02T08:46:24","date_gmt":"2025-12-02T08:46:24","guid":{"rendered":"https:\/\/teszt2.dudinszky.hu\/?page_id=886"},"modified":"2026-01-27T15:32:56","modified_gmt":"2026-01-27T15:32:56","slug":"muszaki-konzultacio","status":"publish","type":"page","link":"https:\/\/dudinszky.hu\/en\/szolgaltatasok\/muszaki-konzultacio\/","title":{"rendered":"M\u0171szaki konzult\u00e1ci\u00f3"},"content":{"rendered":"","protected":false},"excerpt":{"rendered":"","protected":false},"author":2,"featured_media":0,"parent":147,"menu_order":0,"comment_status":"closed","ping_status":"closed","template":"","meta":{"footnotes":""},"class_list":["post-886","page","type-page","status-publish","hentry"],"acf":[],"_links":{"self":[{"href":"https:\/\/dudinszky.hu\/en\/wp-json\/wp\/v2\/pages\/886","targetHints":{"allow":["GET"]}}],"collection":[{"href":"https:\/\/dudinszky.hu\/en\/wp-json\/wp\/v2\/pages"}],"about":[{"href":"https:\/\/dudinszky.hu\/en\/wp-json\/wp\/v2\/types\/page"}],"author":[{"embeddable":true,"href":"https:\/\/dudinszky.hu\/en\/wp-json\/wp\/v2\/users\/2"}],"replies":[{"embeddable":true,"href":"https:\/\/dudinszky.hu\/en\/wp-json\/wp\/v2\/comments?post=886"}],"version-history":[{"count":19,"href":"https:\/\/dudinszky.hu\/en\/wp-json\/wp\/v2\/pages\/886\/revisions"}],"predecessor-version":[{"id":1225,"href":"https:\/\/dudinszky.hu\/en\/wp-json\/wp\/v2\/pages\/886\/revisions\/1225"}],"up":[{"embeddable":true,"href":"https:\/\/dudinszky.hu\/en\/wp-json\/wp\/v2\/pages\/147"}],"wp:attachment":[{"href":"https:\/\/dudinszky.hu\/en\/wp-json\/wp\/v2\/media?parent=886"}],"curies":[{"name":"wp","href":"https:\/\/api.w.org\/{rel}","templated":true}]}}